{"id":12791,"date":"2020-03-31T02:51:44","date_gmt":"2020-03-31T02:51:44","guid":{"rendered":"https:\/\/www.wrbarbosa.com.br\/wp\/?page_id=12791"},"modified":"2022-04-30T04:04:47","modified_gmt":"2022-04-30T01:04:47","slug":"hestia-front","status":"publish","type":"page","link":"https:\/\/www.wrbarbosa.com.br\/wp\/hestia-front\/","title":{"rendered":"Wander Barbosa Advogados"},"content":{"rendered":"\t\t<div data-elementor-type=\"wp-page\" data-elementor-id=\"12791\" class=\"elementor elementor-12791\">\n\t\t\t\t\t\t<section class=\"elementor-section elementor-top-section elementor-element elementor-element-f5ae51f elementor-section-boxed elementor-section-height-default elementor-section-height-default\" data-id=\"f5ae51f\" data-element_type=\"section\" data-e-type=\"section\">\n\t\t\t\t\t\t<div class=\"elementor-container elementor-column-gap-default\">\n\t\t\t\t\t<div class=\"elementor-column elementor-col-100 elementor-top-column elementor-element elementor-element-fa11055\" data-id=\"fa11055\" data-element_type=\"column\" data-e-type=\"column\">\n\t\t\t<div class=\"elementor-widget-wrap elementor-element-populated\">\n\t\t\t\t\t\t<div class=\"elementor-element elementor-element-496777c elementor-widget elementor-widget-heading\" data-id=\"496777c\" data-element_type=\"widget\" data-e-type=\"widget\" data-widget_type=\"heading.default\">\n\t\t\t\t\t<h2 class=\"elementor-heading-title elementor-size-default\">Lealdade e Confian\u00e7a<\/h2>\t\t\t\t<\/div>\n\t\t\t\t\t<\/div>\n\t\t<\/div>\n\t\t\t\t\t<\/div>\n\t\t<\/section>\n\t\t\t\t<section class=\"elementor-section elementor-top-section elementor-element elementor-element-4982fed elementor-section-stretched elementor-section-boxed elementor-section-height-default elementor-section-height-default\" data-id=\"4982fed\" data-element_type=\"section\" data-e-type=\"section\" data-settings=\"{&quot;stretch_section&quot;:&quot;section-stretched&quot;}\">\n\t\t\t\t\t\t<div class=\"elementor-container elementor-column-gap-wider\">\n\t\t\t\t\t<div class=\"elementor-column elementor-col-100 elementor-top-column elementor-element elementor-element-59ccc0b\" data-id=\"59ccc0b\" data-element_type=\"column\" data-e-type=\"column\">\n\t\t\t<div class=\"elementor-widget-wrap elementor-element-populated\">\n\t\t\t\t\t\t<div class=\"elementor-element elementor-element-946a9a9 elementor-widget elementor-widget-text-editor\" data-id=\"946a9a9\" data-element_type=\"widget\" data-e-type=\"widget\" data-widget_type=\"text-editor.default\">\n\t\t\t\t\t\t\t\t\t<h2><span style=\"font-size: 17.3333px;\">Renomado e Vitorioso escrit\u00f3rio de Advocacia Empresarial em S\u00e3o Paulo. Servi\u00e7os Jur\u00eddicos empresariais de Alt\u00edssimo N\u00edvel .<\/span><\/h2><p style=\"font-size: 13pt; font-family: Montserrat;\">Absoluto comprometimento com a qualidade do atendimento e o elevado n\u00edvel t\u00e9cnico em todas as suas atua\u00e7\u00f5es elevam o nome do escrit\u00f3rio fazendo emergir rela\u00e7\u00f5es s\u00f3lidas, confi\u00e1veis e respeitadas por clientes, colaboradores e parceiros comerciais.<\/p>\t\t\t\t\t\t\t\t<\/div>\n\t\t\t\t\t<\/div>\n\t\t<\/div>\n\t\t\t\t\t<\/div>\n\t\t<\/section>\n\t\t\t\t<\/div>\n\t\t","protected":false},"excerpt":{"rendered":"<p>Lealdade e Confian\u00e7a Renomado e Vitorioso escrit\u00f3rio de Advocacia Empresarial em S\u00e3o Paulo. Servi\u00e7os Jur\u00eddicos empresariais de Alt\u00edssimo N\u00edvel . Absoluto comprometimento com a qualidade do atendimento e o elevado n\u00edvel t\u00e9cnico em todas as suas atua\u00e7\u00f5es elevam o nome do escrit\u00f3rio fazendo emergir rela\u00e7\u00f5es s\u00f3lidas, confi\u00e1veis e respeitadas por<a class=\"moretag\" href=\"https:\/\/www.wrbarbosa.com.br\/wp\/hestia-front\/\"> Read more<\/a><\/p>\n","protected":false},"author":1,"featured_media":12764,"parent":0,"menu_order":0,"comment_status":"closed","ping_status":"closed","template":"","meta":{"_joinchat":[],"footnotes":""},"class_list":["post-12791","page","type-page","status-publish","has-post-thumbnail","hentry"],"_links":{"self":[{"href":"https:\/\/www.wrbarbosa.com.br\/wp\/wp-json\/wp\/v2\/pages\/12791","targetHints":{"allow":["GET"]}}],"collection":[{"href":"https:\/\/www.wrbarbosa.com.br\/wp\/wp-json\/wp\/v2\/pages"}],"about":[{"href":"https:\/\/www.wrbarbosa.com.br\/wp\/wp-json\/wp\/v2\/types\/page"}],"author":[{"embeddable":true,"href":"https:\/\/www.wrbarbosa.com.br\/wp\/wp-json\/wp\/v2\/users\/1"}],"replies":[{"embeddable":true,"href":"https:\/\/www.wrbarbosa.com.br\/wp\/wp-json\/wp\/v2\/comments?post=12791"}],"version-history":[{"count":9,"href":"https:\/\/www.wrbarbosa.com.br\/wp\/wp-json\/wp\/v2\/pages\/12791\/revisions"}],"predecessor-version":[{"id":14105,"href":"https:\/\/www.wrbarbosa.com.br\/wp\/wp-json\/wp\/v2\/pages\/12791\/revisions\/14105"}],"wp:featuredmedia":[{"embeddable":true,"href":"https:\/\/www.wrbarbosa.com.br\/wp\/wp-json\/wp\/v2\/media\/12764"}],"wp:attachment":[{"href":"https:\/\/www.wrbarbosa.com.br\/wp\/wp-json\/wp\/v2\/media?parent=12791"}],"curies":[{"name":"wp","href":"https:\/\/api.w.org\/{rel}","templated":true}]}}